{"id":58,"date":"2015-04-08T09:46:29","date_gmt":"2015-04-08T09:46:29","guid":{"rendered":"http:\/\/webz.lt\/woodpro\/?page_id=58"},"modified":"2015-04-14T09:14:06","modified_gmt":"2015-04-14T09:14:06","slug":"medienos-dziovinimas","status":"publish","type":"page","link":"https:\/\/woodpro.lt\/?page_id=58","title":{"rendered":"Medienos d\u017eiovinimas"},"content":{"rendered":"<div class=\"wpb_row vc_row  vc_row-fluid  mk-fullwidth-false  attched-false vc_row-fluid\">\n\t<div style=\"\" class=\"vc_col-sm-12 wpb_column column_container \">\n\t\t\t\n\t<div class=\"wpb_single_image wpb_content_element vc_align_left\">\n\t\t<div class=\"wpb_wrapper\">\n\t\t\t\n\t\t\t<div class=\"vc_single_image-wrapper   vc_box_border_grey\"><img width=\"719\" height=\"140\" src=\"https:\/\/woodpro.lt\/wp-content\/uploads\/2015\/04\/medienos-dziovinimas.jpg\" class=\"vc_single_image-img attachment-full\" alt=\"\" loading=\"lazy\" srcset=\"https:\/\/woodpro.lt\/wp-content\/uploads\/2015\/04\/medienos-dziovinimas.jpg 719w, https:\/\/woodpro.lt\/wp-content\/uploads\/2015\/04\/medienos-dziovinimas-300x58.jpg 300w\" sizes=\"(max-width: 719px) 100vw, 719px\" \/><\/div>\n\t\t<\/div> \n\t<\/div> \t<div style=\"text-align: left;\" class=\"mk-text-block  \"><div id=\"wrapper\">\n<div class=\"content\">\n<div class=\"center\">\n<div class=\"midbar\">\n<p>Medien\u0105 d\u017eioviname moderniose konvekcinio tipo aliuminin\u0117s konstrukcijos medienos d\u017eiovyklose. Mediena i\u0161d\u017eiovinama iki pageidaujamo dr\u0117gnumo. Norint pasiekti auk\u0161\u010diausi\u0105 d\u017eiovinimo kokyb\u0119, kompiuterinis d\u017eiovyklos valdymas suteikia optimalias galimybes. Kiekvienai med\u017eio r\u016b\u0161iai parenkama atskira d\u017eiovinimo programa. Vienu metu \u012f savo d\u017eiovyklas talpiname apie 1000\u00a0m<sup>3<\/sup> pjautos medienos. Pagal reikalavimus galime d\u017eiovinti kietmed\u017eio bei spygliuo\u010di\u0173 medien\u0105.<\/p>\n<p><strong>Konvekcin\u0117s d\u017eiovinimo kameros<\/strong><\/p>\n<p>Standartinis konvekcin\u0117s medienos d\u017eiovinimo kameros komplektas leid\u017eia sukurti moderni\u0105 d\u017eiovinimo kamer\u0105 \u2013 be \u0161ilumos tilt\u0173, pasi\u017eymin\u010di\u0105 gera \u0161ilumos izoliacija, mechani\u0161kai atspari\u0105 ir ne daug kainuojan\u010di\u0105. Naudojant klasinius \u0161velnius re\u017eimus, mediena tokiose kamerose d\u017eiovinama konvekciniu metodus. Paprastai taikomas nepertraukiamo d\u017eiovinimo metodas, kai dr\u0117gno oro i\u0161traukim\u0105 reguliuoja mikroprocesorius. Jis u\u017etikrina \u017eem\u0105 dr\u0117gm\u0117s lyg\u012f per vis\u0105 lentos auk\u0161t\u012f viso d\u017eiovinimo proceso metu. Tai leid\u017eia medien\u0105 d\u017eiovinti iki likutin\u0117s 6\u00a0% dr\u0117gm\u0117s, i\u0161vengiant persimetimo, suskeld\u0117jimo ir vidini\u0173 \u012ftempim\u0173, nepriklausomai nuo medienos tipo ir storio. D\u017eiovinimo proces\u0105 reguliuoja skaitmeniniai mikroprocesoriai. Toks kameros viduje esan\u010dios temperat\u016bros ir santykin\u0117s dr\u0117gm\u0117s kontrol\u0117s b\u016bdas yra patikimas ir j\u012f lengva pri\u017ei\u016br\u0117ti. Per dien\u0105 operatorius sugai\u0161ta apie 5\u00a0min., kad patikrint\u0173 vis\u0173 davikli\u0173 rodmenis, nustatyt\u0173 temperat\u016br\u0105, santykin\u0119 dr\u0117gm\u0119 kameros viduje ir medienos dr\u0117gnum\u0105.<\/p>\n<p><a href=\"http:\/\/www.ulrich-veneers.com\/en\/products\/veneers.html\" target=\"_blank\"><br \/>\n<\/a><\/p>\n<p>&nbsp;<\/p>\n<p>&nbsp;<\/p>\n<\/div>\n<\/div>\n<\/div>\n<\/div>\n<div class=\"clearboth\"><\/div><\/div> \n\t<\/div><\/div>\n","protected":false},"excerpt":{"rendered":"Medien\u0105 d\u017eioviname moderniose konvekcinio tipo aliuminin\u0117s konstrukcijos medienos d\u017eiovyklose. Mediena i\u0161d\u017eiovinama iki pageidaujamo dr\u0117gnumo. Norint pasiekti auk\u0161\u010diausi\u0105 d\u017eiovinimo kokyb\u0119, kompiuterinis d\u017eiovyklos valdymas suteikia optimalias galimybes. Kiekvienai med\u017eio r\u016b\u0161iai parenkama atskira d\u017eiovinimo programa. Vienu metu \u012f savo d\u017eiovyklas talpiname apie 1000\u00a0m3 pjautos medienos. Pagal reikalavimus galime d\u017eiovinti kietmed\u017eio bei spygliuo\u010di\u0173 medien\u0105. Konvekcin\u0117s d\u017eiovinimo kameros Standartinis konvekcin\u0117s [...]","protected":false},"author":1,"featured_media":0,"parent":25,"menu_order":0,"comment_status":"closed","ping_status":"closed","template":"","meta":[],"_links":{"self":[{"href":"https:\/\/woodpro.lt\/index.php?rest_route=\/wp\/v2\/pages\/58"}],"collection":[{"href":"https:\/\/woodpro.lt\/index.php?rest_route=\/wp\/v2\/pages"}],"about":[{"href":"https:\/\/woodpro.lt\/index.php?rest_route=\/wp\/v2\/types\/page"}],"author":[{"embeddable":true,"href":"https:\/\/woodpro.lt\/index.php?rest_route=\/wp\/v2\/users\/1"}],"replies":[{"embeddable":true,"href":"https:\/\/woodpro.lt\/index.php?rest_route=%2Fwp%2Fv2%2Fcomments&post=58"}],"version-history":[{"count":4,"href":"https:\/\/woodpro.lt\/index.php?rest_route=\/wp\/v2\/pages\/58\/revisions"}],"predecessor-version":[{"id":181,"href":"https:\/\/woodpro.lt\/index.php?rest_route=\/wp\/v2\/pages\/58\/revisions\/181"}],"up":[{"embeddable":true,"href":"https:\/\/woodpro.lt\/index.php?rest_route=\/wp\/v2\/pages\/25"}],"wp:attachment":[{"href":"https:\/\/woodpro.lt\/index.php?rest_route=%2Fwp%2Fv2%2Fmedia&parent=58"}],"curies":[{"name":"wp","href":"https:\/\/api.w.org\/{rel}","templated":true}]}}