{"id":6,"date":"2015-04-08T06:21:58","date_gmt":"2015-04-08T06:21:58","guid":{"rendered":"http:\/\/webz.lt\/woodpro\/?page_id=6"},"modified":"2021-10-18T17:21:55","modified_gmt":"2021-10-18T17:21:55","slug":"pradzia","status":"publish","type":"page","link":"https:\/\/woodpro.lt\/","title":{"rendered":"Prad\u017eia"},"content":{"rendered":"<\/div><\/div><\/div><div class=\"wpb_row vc_row  vc_row-fluid  mk-fullwidth-true  attched-false vc_row-fluid\">\n\t<div style=\"\" class=\"vc_col-sm-12 wpb_column column_container \">\n\t\t\t<div class=\"wpb_revslider_element wpb_content_element\">\n<div id=\"rev_slider_1_1_wrapper\" class=\"rev_slider_wrapper fullwidthbanner-container\" style=\"margin:0px auto;background-color:#ffffff;padding:0px;margin-top:0px;margin-bottom:0px;max-height:350px;\">\n<!-- START REVOLUTION SLIDER 4.6.5 fullwidth mode -->\n\t<div id=\"rev_slider_1_1\" class=\"rev_slider fullwidthabanner\" style=\"display:none;max-height:350px;height:350px;\">\n<ul>\t<!-- SLIDE  -->\n\t<li data-transition=\"slotfade-vertical\" data-slotamount=\"7\" data-masterspeed=\"300\" data-thumb=\"https:\/\/woodpro.lt\/wp-content\/uploads\/2015\/04\/medienos-apdirbimas-2-320x200.jpg\"  data-saveperformance=\"off\"  data-title=\"Slide\">\n\t\t<!-- MAIN IMAGE -->\n\t\t<img src=\"https:\/\/woodpro.lt\/wp-content\/uploads\/2015\/04\/medienos-apdirbimas-2.jpg\"  alt=\"medienos-apdirbimas-2\"  data-bgposition=\"center top\" data-bgfit=\"cover\" data-bgrepeat=\"no-repeat\">\n\t\t<!-- LAYERS -->\n\n\t\t<!-- LAYER NR. 1 -->\n\t\t<div class=\"tp-caption largewhitebg sfr stb tp-resizeme\" \n\t\t\t data-x=\"right\" data-hoffset=\"-12\" \n\t\t\t data-y=\"center\" data-voffset=\"33\" \n\t\t\tdata-speed=\"300\" \n\t\t\tdata-start=\"500\" \n\t\t\tdata-easing=\"Power3.easeInOut\" \n\t\t\tdata-splitin=\"none\" \n\t\t\tdata-splitout=\"none\" \n\t\t\tdata-elementdelay=\"0.1\" \n\t\t\tdata-endelementdelay=\"0.1\" \n\t\t\t data-endspeed=\"300\" \n\n\t\t\tstyle=\"z-index: 5; max-width: auto; max-height: auto; white-space: nowrap;\">Patikima ir kruop\u0161\u010diai atrinkta mediena \n\t\t<\/div>\n\n\t\t<!-- LAYER NR. 2 -->\n\t\t<div class=\"tp-caption mediumwhitebg sfr stb tp-resizeme\" \n\t\t\t data-x=\"right\" data-hoffset=\"-12\" \n\t\t\t data-y=\"center\" data-voffset=\"78\" \n\t\t\tdata-speed=\"300\" \n\t\t\tdata-start=\"800\" \n\t\t\tdata-easing=\"Power3.easeInOut\" \n\t\t\tdata-splitin=\"none\" \n\t\t\tdata-splitout=\"none\" \n\t\t\tdata-elementdelay=\"0.1\" \n\t\t\tdata-endelementdelay=\"0.1\" \n\t\t\t data-endspeed=\"300\" \n\n\t\t\tstyle=\"z-index: 6; max-width: auto; max-height: auto; white-space: nowrap;\">\u017daliava i\u0161 vietini\u0173 ir \u0161iaur\u0117s region\u0173, i\u0161 atsakingai tvarkom\u0173 mi\u0161k\u0173 \n\t\t<\/div>\n\t<\/li>\n\t<!-- SLIDE  -->\n\t<li data-transition=\"slotfade-vertical\" data-slotamount=\"7\" data-masterspeed=\"300\" data-thumb=\"https:\/\/woodpro.lt\/wp-content\/uploads\/2015\/04\/medienos-apdirbimas-3-320x200.jpg\"  data-saveperformance=\"off\"  data-title=\"Slide\">\n\t\t<!-- MAIN IMAGE -->\n\t\t<img src=\"https:\/\/woodpro.lt\/wp-content\/uploads\/2015\/04\/medienos-apdirbimas-3.jpg\"  alt=\"medienos-apdirbimas-3\"  data-bgposition=\"center top\" data-bgfit=\"cover\" data-bgrepeat=\"no-repeat\">\n\t\t<!-- LAYERS -->\n\n\t\t<!-- LAYER NR. 1 -->\n\t\t<div class=\"tp-caption largewhitebg sfr stb tp-resizeme\" \n\t\t\t data-x=\"right\" data-hoffset=\"-12\" \n\t\t\t data-y=\"center\" data-voffset=\"33\" \n\t\t\tdata-speed=\"300\" \n\t\t\tdata-start=\"500\" \n\t\t\tdata-easing=\"Power3.easeInOut\" \n\t\t\tdata-splitin=\"none\" \n\t\t\tdata-splitout=\"none\" \n\t\t\tdata-elementdelay=\"0.1\" \n\t\t\tdata-endelementdelay=\"0.1\" \n\t\t\t data-endspeed=\"300\" \n\n\t\t\tstyle=\"z-index: 5; max-width: auto; max-height: auto; white-space: nowrap;\">Kokybi\u0161ki medienos gaminiai \n\t\t<\/div>\n\n\t\t<!-- LAYER NR. 2 -->\n\t\t<div class=\"tp-caption mediumwhitebg sfr stb tp-resizeme\" \n\t\t\t data-x=\"right\" data-hoffset=\"-12\" \n\t\t\t data-y=\"center\" data-voffset=\"78\" \n\t\t\tdata-speed=\"300\" \n\t\t\tdata-start=\"800\" \n\t\t\tdata-easing=\"Power3.easeInOut\" \n\t\t\tdata-splitin=\"none\" \n\t\t\tdata-splitout=\"none\" \n\t\t\tdata-elementdelay=\"0.1\" \n\t\t\tdata-endelementdelay=\"0.1\" \n\t\t\t data-endspeed=\"300\" \n\n\t\t\tstyle=\"z-index: 6; max-width: auto; max-height: auto; white-space: nowrap;\">Tvirtam ir ilgaam\u017eiam namui, lauko bei vidaus apdailai \n\t\t<\/div>\n\t<\/li>\n\t<!-- SLIDE  -->\n\t<li data-transition=\"slotfade-vertical\" data-slotamount=\"7\" data-masterspeed=\"300\" data-thumb=\"https:\/\/woodpro.lt\/wp-content\/uploads\/2015\/04\/medienos-apdirbimas-4-320x200.jpg\"  data-saveperformance=\"off\"  data-title=\"Slide\">\n\t\t<!-- MAIN IMAGE -->\n\t\t<img src=\"https:\/\/woodpro.lt\/wp-content\/uploads\/2015\/04\/medienos-apdirbimas-4.jpg\"  alt=\"medienos-apdirbimas-4\"  data-bgposition=\"center top\" data-bgfit=\"cover\" data-bgrepeat=\"no-repeat\">\n\t\t<!-- LAYERS -->\n\n\t\t<!-- LAYER NR. 1 -->\n\t\t<div class=\"tp-caption largewhitebg sfr stb tp-resizeme\" \n\t\t\t data-x=\"right\" data-hoffset=\"-12\" \n\t\t\t data-y=\"center\" data-voffset=\"33\" \n\t\t\tdata-speed=\"300\" \n\t\t\tdata-start=\"500\" \n\t\t\tdata-easing=\"Power3.easeInOut\" \n\t\t\tdata-splitin=\"none\" \n\t\t\tdata-splitout=\"none\" \n\t\t\tdata-elementdelay=\"0.1\" \n\t\t\tdata-endelementdelay=\"0.1\" \n\t\t\t data-endspeed=\"300\" \n\n\t\t\tstyle=\"z-index: 5; max-width: auto; max-height: auto; white-space: nowrap;\">Auk\u0161ta kokyb\u0117 \n\t\t<\/div>\n\n\t\t<!-- LAYER NR. 2 -->\n\t\t<div class=\"tp-caption mediumwhitebg sfr stb tp-resizeme\" \n\t\t\t data-x=\"right\" data-hoffset=\"-12\" \n\t\t\t data-y=\"center\" data-voffset=\"78\" \n\t\t\tdata-speed=\"300\" \n\t\t\tdata-start=\"800\" \n\t\t\tdata-easing=\"Power3.easeInOut\" \n\t\t\tdata-splitin=\"none\" \n\t\t\tdata-splitout=\"none\" \n\t\t\tdata-elementdelay=\"0.1\" \n\t\t\tdata-endelementdelay=\"0.1\" \n\t\t\t data-endspeed=\"300\" \n\n\t\t\tstyle=\"z-index: 6; max-width: auto; max-height: auto; white-space: nowrap;\">Medienos apdirbimas pagal auk\u0161\u010diausius kokyb\u0117s reikalavimus \n\t\t<\/div>\n\t<\/li>\n<\/ul>\n<div class=\"tp-bannertimer tp-bottom\" style=\"visibility: hidden !important;\"><\/div>\t<\/div>\n\t\t\t\n\n\t\t\t<style scoped>.tp-caption.largewhitebg,.largewhitebg{font-size:24px;line-height:28px;font-weight:500;font-family:\"Open Sans\";color:rgb(0,0,0);text-decoration:none;padding:5px 15px 10px;text-shadow:none;background-color:rgb(255,255,255);border-width:0px;border-color:rgb(0,0,0);border-style:none}.tp-caption.mediumwhitebg,.mediumwhitebg{font-size:18px;line-height:22px;font-weight:300;font-family:\"Open Sans\";color:rgb(0,0,0);text-decoration:none;padding:5px 15px 10px;text-shadow:none;background-color:rgb(255,255,255);border-width:0px;border-color:rgb(0,0,0);border-style:none}<\/style>\n\n\t\t\t<script type=\"text\/javascript\">\n\n\t\t\t\t\/******************************************\n\t\t\t\t\t-\tPREPARE PLACEHOLDER FOR SLIDER\t-\n\t\t\t\t******************************************\/\n\t\t\t\t\n\n\t\t\t\tvar setREVStartSize = function() {\n\t\t\t\t\tvar\ttpopt = new Object();\n\t\t\t\t\t\ttpopt.startwidth = 960;\n\t\t\t\t\t\ttpopt.startheight = 350;\n\t\t\t\t\t\ttpopt.container = jQuery('#rev_slider_1_1');\n\t\t\t\t\t\ttpopt.fullScreen = \"off\";\n\t\t\t\t\t\ttpopt.forceFullWidth=\"off\";\n\n\t\t\t\t\ttpopt.container.closest(\".rev_slider_wrapper\").css({height:tpopt.container.height()});tpopt.width=parseInt(tpopt.container.width(),0);tpopt.height=parseInt(tpopt.container.height(),0);tpopt.bw=tpopt.width\/tpopt.startwidth;tpopt.bh=tpopt.height\/tpopt.startheight;if(tpopt.bh>tpopt.bw)tpopt.bh=tpopt.bw;if(tpopt.bh<tpopt.bw)tpopt.bw=tpopt.bh;if(tpopt.bw<tpopt.bh)tpopt.bh=tpopt.bw;if(tpopt.bh>1){tpopt.bw=1;tpopt.bh=1}if(tpopt.bw>1){tpopt.bw=1;tpopt.bh=1}tpopt.height=Math.round(tpopt.startheight*(tpopt.width\/tpopt.startwidth));if(tpopt.height>tpopt.startheight&&tpopt.autoHeight!=\"on\")tpopt.height=tpopt.startheight;if(tpopt.fullScreen==\"on\"){tpopt.height=tpopt.bw*tpopt.startheight;var cow=tpopt.container.parent().width();var coh=jQuery(window).height();if(tpopt.fullScreenOffsetContainer!=undefined){try{var offcontainers=tpopt.fullScreenOffsetContainer.split(\",\");jQuery.each(offcontainers,function(e,t){coh=coh-jQuery(t).outerHeight(true);if(coh<tpopt.minFullScreenHeight)coh=tpopt.minFullScreenHeight})}catch(e){}}tpopt.container.parent().height(coh);tpopt.container.height(coh);tpopt.container.closest(\".rev_slider_wrapper\").height(coh);tpopt.container.closest(\".forcefullwidth_wrapper_tp_banner\").find(\".tp-fullwidth-forcer\").height(coh);tpopt.container.css({height:\"100%\"});tpopt.height=coh;}else{tpopt.container.height(tpopt.height);tpopt.container.closest(\".rev_slider_wrapper\").height(tpopt.height);tpopt.container.closest(\".forcefullwidth_wrapper_tp_banner\").find(\".tp-fullwidth-forcer\").height(tpopt.height);}\n\t\t\t\t};\n\n\t\t\t\t\/* CALL PLACEHOLDER *\/\n\t\t\t\tsetREVStartSize();\n\n\n\t\t\t\tvar tpj=jQuery;\n\t\t\t\ttpj.noConflict();\n\t\t\t\tvar revapi1;\n\n\t\t\t\ttpj(document).ready(function() {\n\n\t\t\t\tif(tpj('#rev_slider_1_1').revolution == undefined){\n\t\t\t\t\trevslider_showDoubleJqueryError('#rev_slider_1_1');\n\t\t\t\t}else{\n\t\t\t\t   revapi1 = tpj('#rev_slider_1_1').show().revolution(\n\t\t\t\t\t{\t\n\t\t\t\t\t\t\t\t\t\t\t\tdottedOverlay:\"none\",\n\t\t\t\t\t\tdelay:6000,\n\t\t\t\t\t\tstartwidth:960,\n\t\t\t\t\t\tstartheight:350,\n\t\t\t\t\t\thideThumbs:0,\n\n\t\t\t\t\t\tthumbWidth:100,\n\t\t\t\t\t\tthumbHeight:50,\n\t\t\t\t\t\tthumbAmount:3,\n\t\t\t\t\t\t\n\t\t\t\t\t\t\t\t\t\t\t\t\n\t\t\t\t\t\tsimplifyAll:\"off\",\n\n\t\t\t\t\t\tnavigationType:\"bullet\",\n\t\t\t\t\t\tnavigationArrows:\"none\",\n\t\t\t\t\t\tnavigationStyle:\"preview2\",\n\n\t\t\t\t\t\ttouchenabled:\"on\",\n\t\t\t\t\t\tonHoverStop:\"on\",\n\t\t\t\t\t\tnextSlideOnWindowFocus:\"off\",\n\n\t\t\t\t\t\tswipe_threshold: 75,\n\t\t\t\t\t\tswipe_min_touches: 1,\n\t\t\t\t\t\tdrag_block_vertical: false,\n\t\t\t\t\t\t\n\t\t\t\t\t\t\t\t\t\t\t\t\n\t\t\t\t\t\t\t\t\t\t\t\t\n\t\t\t\t\t\tkeyboardNavigation:\"off\",\n\n\t\t\t\t\t\tnavigationHAlign:\"right\",\n\t\t\t\t\t\tnavigationVAlign:\"bottom\",\n\t\t\t\t\t\tnavigationHOffset:80,\n\t\t\t\t\t\tnavigationVOffset:20,\n\n\t\t\t\t\t\tsoloArrowLeftHalign:\"left\",\n\t\t\t\t\t\tsoloArrowLeftValign:\"center\",\n\t\t\t\t\t\tsoloArrowLeftHOffset:20,\n\t\t\t\t\t\tsoloArrowLeftVOffset:0,\n\n\t\t\t\t\t\tsoloArrowRightHalign:\"right\",\n\t\t\t\t\t\tsoloArrowRightValign:\"center\",\n\t\t\t\t\t\tsoloArrowRightHOffset:20,\n\t\t\t\t\t\tsoloArrowRightVOffset:0,\n\n\t\t\t\t\t\tshadow:0,\n\t\t\t\t\t\tfullWidth:\"on\",\n\t\t\t\t\t\tfullScreen:\"off\",\n\n\t\t\t\t\t\t\t\t\t\t\t\tspinner:\"spinner4\",\n\t\t\t\t\t\t\t\t\t\t\t\t\n\t\t\t\t\t\tstopLoop:\"off\",\n\t\t\t\t\t\tstopAfterLoops:-1,\n\t\t\t\t\t\tstopAtSlide:-1,\n\n\t\t\t\t\t\tshuffle:\"off\",\n\n\t\t\t\t\t\tautoHeight:\"off\",\n\t\t\t\t\t\tforceFullWidth:\"off\",\n\t\t\t\t\t\t\n\t\t\t\t\t\t\n\t\t\t\t\t\thideTimerBar:\"on\",\n\t\t\t\t\t\thideThumbsOnMobile:\"off\",\n\t\t\t\t\t\thideNavDelayOnMobile:1500,\n\t\t\t\t\t\thideBulletsOnMobile:\"off\",\n\t\t\t\t\t\thideArrowsOnMobile:\"off\",\n\t\t\t\t\t\thideThumbsUnderResolution:0,\n\n\t\t\t\t\t\t\t\t\t\t\t\thideSliderAtLimit:0,\n\t\t\t\t\t\thideCaptionAtLimit:0,\n\t\t\t\t\t\thideAllCaptionAtLilmit:0,\n\t\t\t\t\t\tstartWithSlide:0\t\t\t\t\t});\n\n\n\n\t\t\t\t\t\t\t\t\t}\n\t\t\t\t});\t\/*ready*\/\n\n\t\t\t<\/script>\n\n\n\t\t\t<style type=\"text\/css\">\n\t#rev_slider_1_1_wrapper .tp-loader.spinner4 div { background-color: #FFFFFF !important; }\n<\/style>\n<\/div><!-- END REVOLUTION SLIDER --><\/div>\n\n\t<\/div><\/div><div class=\"mk-main-wrapper-holder\"><div class=\"theme-page-wrapper full-layout mk-grid vc_row-fluid no-padding\"><div class=\"theme-content no-padding\"><div class=\"clearboth\"><\/div><\/div><\/div><\/div><div id=\"mk-page-section-69e0bb2612103\" data-intro-effect=\"false\" class=\"full-width-69e0bb2612103  full-height-false mk-page-section self-hosted mk-blur-parent mk-shortcode  \" ><div class=\"mk-video-color-mask\"><\/div><div class=\"background-clipper\"><\/div><div class=\"mk-grid vc_row-fluid page-section-content\"><div class=\"mk-padding-wrapper\">\n\t<div style=\"\" class=\"vc_col-sm-8 wpb_column column_container \">\n\t\t\t<div id=\"mk-tabs-69e0bb261245d\" class=\"mk-shortcode mk-tabs simple-style  \"><ul class=\"mk-tabs-tabs\"><li><a href=\"#1428479467-1-85\">Apie mus<\/a><\/li><li><a href=\"#1428479467-2-69\">Gaminiai<\/a><\/li><li><a href=\"#1428479586666-2-2\">Paslaugos<\/a><\/li><div class=\"clearboth\"><\/div><\/ul><div class=\"mk-tabs-panes\">\n\t\t\t\n\t\t\t<div id=\"1428479467-1-85\" class=\"mk-tabs-pane\"><div class=\"title-mobile\"><i class=\"\"><\/i>Apie mus<\/div>\t<div style=\" margin-bottom:0px;text-align: left;\" class=\"mk-text-block  \"><p><strong>UAB &#8220;Wood Pro&#8221; &#8211;\u00a0\u012fmon\u0117 vykdanti visus medienos pjovimo, apdirbimo, ir da\u017eymo darbus<\/strong>.<\/p>\n<p>Savo klientams si\u016blome kompetenting\u0105 aptarnavim\u0105 ir plat\u0173 gamini\u0173 asortiment\u0105.<\/p>\n<p>M\u016bs\u0173 partneriai \u2013 tiek\u0117jai i\u0161 Lietuvos, \u0160iaurin\u0117s Europos ir Rusijos, kurie u\u017etikrina kruop\u0161\u010diai atrinktas ir patikimas medienos \u017ealiavas. Paruo\u0161tus, tvarkingai supakuotus gaminius pristatome \u012f bet kuri\u0105 Lietuvos ar Europos dal\u012f.<\/p>\n<p>\u012emon\u0117je dirbantys kvalifikuoti specialistai, turintys daugiau kaip 20 met\u0173 patirt\u012f medienos pjovimo, apdirbimo bei d\u017eiovinimo\u00a0srityse.<\/p>\n<div class=\"clearboth\"><\/div><\/div> \n\t\t\t<div class=\"clearboth\"><\/div><\/div>\n\t\t\t<div id=\"1428479467-2-69\" class=\"mk-tabs-pane\"><div class=\"title-mobile\"><i class=\"\"><\/i>Gaminiai<\/div><div id=\"list-style-69e0bb2612861\" class=\"mk-list-styles mk-shortcode mk-align-none \" style=\"margin-bottom:30px\"><h3 class=\"mk-shortcode mk-fancy-title pattern-style mk-shortcode-heading\"><span>M\u016bs\u0173 gamini\u0173 asortiment\u0105 sudaro:<\/span><\/h3><ul>\n<li>Mediena rastiniams namams<\/li>\n<li>Mediena karkasini\u0173 nam\u0173 konstrukcijoms<\/li>\n<li>Mediena stogams<\/li>\n<li>Mediena tvoroms<\/li>\n<li>Mediena sodo baldams bei smulkioms sodinink\u0173 reikm\u0117ms<\/li>\n<li>\u012evairaus dyd\u017eio lentos, brusai, ta\u0161ai \u012fvairiems poreikiams<\/li>\n<li>Lauko ir vidaus dailylent\u0117s<\/li>\n<li>Terasin\u0117s lentos<\/li>\n<li>Grindin\u0117s lentos ir parketlent\u0117s<\/li>\n<li>Kita apdirbta mediena, skirta medienos bald\u0173 pramonei<\/li>\n<\/ul>\n<\/div><div id=\"ajax-69e0bb2612861\" class=\"mk-dynamic-styles\"> #list-style-69e0bb2612861 ul li:before { font-family:Icomoon; content: \"\\e32f\"; color:#b57f03 }<\/div>\n\t\t\t<div class=\"clearboth\"><\/div><\/div>\n\t\t\t<div id=\"1428479586666-2-2\" class=\"mk-tabs-pane\"><div class=\"title-mobile\"><i class=\"\"><\/i>Paslaugos<\/div><div id=\"list-style-69e0bb2612964\" class=\"mk-list-styles mk-shortcode mk-align-none \" style=\"margin-bottom:30px\"><h3 class=\"mk-shortcode mk-fancy-title pattern-style mk-shortcode-heading\"><span>Vykdome \u0161i\u0105 veikl\u0105 <\/span><\/h3><ul>\n<li><a title=\"Medienos apdirbimas\" href=\"http:\/\/woodpro.lt\/?page_id=66\">Medienos apdirbimas<\/a><\/li>\n<li><a title=\"Medienos d\u017eiovinimas\" href=\"http:\/\/woodpro.lt\/?page_id=58\">Medienos\u00a0d\u017eiovinimas<\/a><\/li>\n<li><a title=\"Medienos da\u017eymas\" href=\"http:\/\/woodpro.lt\/?page_id=62\">Medienos da\u017eymas<\/a><\/li>\n<li><a title=\"Staliaus darbai\" href=\"http:\/\/woodpro.lt\/?page_id=90\">\u012evair\u016bs staliaus darbai<\/a><\/li>\n<\/ul>\n<\/div><div id=\"ajax-69e0bb2612964\" class=\"mk-dynamic-styles\"> #list-style-69e0bb2612964 ul li:before { font-family:Icomoon; content: \"\\e32f\"; color:#b57f03 }<\/div>\n\t\t\t<div class=\"clearboth\"><\/div><\/div><div class=\"clearboth\"><\/div><\/div><div class=\"clearboth\"><\/div><\/div><div id=\"ajax-69e0bb261245d\" class=\"mk-dynamic-styles\"> #mk-tabs-69e0bb261245d .mk-tabs-tabs li.ui-tabs-active a, #mk-tabs-69e0bb261245d .mk-tabs-panes, #mk-tabs-69e0bb261245d .mk-fancy-title span{ background-color:#ffffff; }<\/div>\n\t<\/div>\n\t<div style=\"\" class=\"vc_col-sm-4 wpb_column column_container \">\n\t\t\t<div class=\"clearboth\"><\/div><div class=\"mk-shortcode mk-padding-shortcode\" style=\"height:50px\"><\/div><div class=\"clearboth\"><\/div><div class=\"loop-main-wrapper\"><section id=\"gallery-loop-69e0bb2612c8e\" data-uniqid=\"69e0bb2612c8e\" data-style=\"gallery\" style=\"margin-bottom:20px\" class=\"mk-gallery-shortcode mk-theme-loop  \"><article class=\"gallery-two-column mk-isotop-item gallery-69e0bb2612c8e mk-gallery-item hover-none simple-frame\"><div class=\"item-holder\" style=\"margin:0 8px 16px\"><a href=\" http:\/\/woodpro.lt\/?page_id=62\"><span class=\"gallery-inner\"><img alt=\"\" title=\"\" src=\"https:\/\/woodpro.lt\/wp-content\/uploads\/2015\/04\/dazymas-icon3.png\" \/><\/span><\/a><\/div><\/article>\n\n<article class=\"gallery-two-column mk-isotop-item gallery-69e0bb2612c8e mk-gallery-item hover-none simple-frame\"><div class=\"item-holder\" style=\"margin:0 8px 16px\"><a href=\" http:\/\/woodpro.lt\/?page_id=58\"><span class=\"gallery-inner\"><img alt=\"\" title=\"\" src=\"https:\/\/woodpro.lt\/wp-content\/uploads\/2015\/04\/lentos-e1.png\" \/><\/span><\/a><\/div><\/article>\n\n<article class=\"gallery-two-column mk-isotop-item gallery-69e0bb2612c8e mk-gallery-item hover-none simple-frame\"><div class=\"item-holder\" style=\"margin:0 8px 16px\"><a href=\" http:\/\/woodpro.lt\/?page_id=66\"><span class=\"gallery-inner\"><img alt=\"MEDIENOS APDIRBIMAS\" title=\"\" src=\"https:\/\/woodpro.lt\/wp-content\/uploads\/2015\/04\/medienos-apdirbimas-s1.png\" \/><\/span><\/a><\/div><\/article>\n\n<article class=\"gallery-two-column mk-isotop-item gallery-69e0bb2612c8e mk-gallery-item hover-none simple-frame\"><div class=\"item-holder\" style=\"margin:0 8px 16px\"><a href=\" http:\/\/woodpro.lt\/?page_id=90\"><span class=\"gallery-inner\"><img alt=\"\" title=\"\" src=\"https:\/\/woodpro.lt\/wp-content\/uploads\/2015\/04\/staliaus-darbai4.png\" \/><\/span><\/a><\/div><\/article>\n\n<div class=\"clearboth\"><\/div><\/section><a class=\"mk-loadmore-button\" style=\"display:none;\" href=\"#\"><i class=\"mk-moon-loop-4\"><\/i><i class=\"mk-moon-arrow-down-4\"><\/i>Load More<\/a><div class=\"mk-preloader\"><\/div><\/div>\n\t<\/div><\/div><div class=\"clearboth\"><\/div><\/div><div class=\"clearboth\"><\/div><\/div><div class=\"mk-main-wrapper-holder\"><div class=\"theme-page-wrapper  -layout mk-grid vc_row-fluid row-fluid\"><div class=\"theme-content \"><div id=\"ajax-69e0bb2612103\" class=\"mk-dynamic-styles\"> .full-width-69e0bb2612103 { min-height:100px; padding:10px 0 10px; margin-bottom:0px; } #background-layer--69e0bb2612103 { background-position:left top; background-repeat:repeat; ; } <\/div>\n","protected":false},"excerpt":{"rendered":"","protected":false},"author":1,"featured_media":0,"parent":0,"menu_order":0,"comment_status":"open","ping_status":"closed","template":"","meta":[],"_links":{"self":[{"href":"https:\/\/woodpro.lt\/index.php?rest_route=\/wp\/v2\/pages\/6"}],"collection":[{"href":"https:\/\/woodpro.lt\/index.php?rest_route=\/wp\/v2\/pages"}],"about":[{"href":"https:\/\/woodpro.lt\/index.php?rest_route=\/wp\/v2\/types\/page"}],"author":[{"embeddable":true,"href":"https:\/\/woodpro.lt\/index.php?rest_route=\/wp\/v2\/users\/1"}],"replies":[{"embeddable":true,"href":"https:\/\/woodpro.lt\/index.php?rest_route=%2Fwp%2Fv2%2Fcomments&post=6"}],"version-history":[{"count":106,"href":"https:\/\/woodpro.lt\/index.php?rest_route=\/wp\/v2\/pages\/6\/revisions"}],"predecessor-version":[{"id":237,"href":"https:\/\/woodpro.lt\/index.php?rest_route=\/wp\/v2\/pages\/6\/revisions\/237"}],"wp:attachment":[{"href":"https:\/\/woodpro.lt\/index.php?rest_route=%2Fwp%2Fv2%2Fmedia&parent=6"}],"curies":[{"name":"wp","href":"https:\/\/api.w.org\/{rel}","templated":true}]}}