{"id":62,"date":"2015-04-08T09:47:20","date_gmt":"2015-04-08T09:47:20","guid":{"rendered":"http:\/\/webz.lt\/woodpro\/?page_id=62"},"modified":"2015-04-14T09:15:11","modified_gmt":"2015-04-14T09:15:11","slug":"medienos-dazymas","status":"publish","type":"page","link":"https:\/\/woodpro.lt\/?page_id=62","title":{"rendered":"Medienos da\u017eymas"},"content":{"rendered":"<div class=\"wpb_row vc_row  vc_row-fluid  mk-fullwidth-false  attched-false vc_row-fluid\">\n\t<div style=\"\" class=\"vc_col-sm-12 wpb_column column_container \">\n\t\t\t\n\t<div class=\"wpb_single_image wpb_content_element vc_align_left\">\n\t\t<div class=\"wpb_wrapper\">\n\t\t\t\n\t\t\t<div class=\"vc_single_image-wrapper   vc_box_border_grey\"><img width=\"719\" height=\"140\" src=\"https:\/\/woodpro.lt\/wp-content\/uploads\/2015\/04\/medienos-dazymas.jpg\" class=\"vc_single_image-img attachment-full\" alt=\"\" loading=\"lazy\" srcset=\"https:\/\/woodpro.lt\/wp-content\/uploads\/2015\/04\/medienos-dazymas.jpg 719w, https:\/\/woodpro.lt\/wp-content\/uploads\/2015\/04\/medienos-dazymas-300x58.jpg 300w\" sizes=\"(max-width: 719px) 100vw, 719px\" \/><\/div>\n\t\t<\/div> \n\t<\/div> \t<div style=\"text-align: left;\" class=\"mk-text-block  \"><div id=\"wrapper\">\n<div class=\"content\">\n<div class=\"center\">\n<div class=\"midbar\">\n<p>Medien\u0105 da\u017eome specialiomis pramonin\u0117mis medienos gamini\u0173 da\u017eymo stakl\u0117mis, skirtomis specialiai tiems da\u017eams, kurie naudojami \u012fmon\u0117je.<\/p>\n<p>Pramoniniu b\u016bdu mediena nuda\u017eoma vienodu sluoksniu, jam i\u0161d\u017ei\u016bvus da\u017eomas kitas sluoksnis.<br \/>\nLauko medienai da\u017eyti si\u016blome specialius da\u017eus: <strong>Aidol HK-Lasur<\/strong> ir <strong>Aidol Holzschutz-Creme<\/strong>.<\/p>\n<p><strong>Aidol HK-Lasur<\/strong> &#8211; apsaugin\u0117 laz\u016bra lauko medienai. Tai impregnantas ir da\u017eai viename. Papildomas medienos gruntavimas naudojant <strong>Aidol HK-Lasur <\/strong>nereikalingas, nes tai \u201e2 in 1&#8243; &#8211; produktas, kuriame yra visapusi\u0161ka medienos apsauga. Tai itin ilgaam\u017eis produktas, apsaugantis medien\u0105 nuo kenk\u0117j\u0173 bei \u017ealingo aplinkos poveikio (dr\u0117gm\u0117s, UV spinduli\u0173). Naudojama lauko medienai: mediniams fasadams, stog\u0173 konstrukcijoms, langin\u0117ms ir balkon\u0173 tur\u0117klams, tvoroms, vartams, tiltams, laiptams; \u012fvairioms medin\u0117ms pertvaroms.<\/p>\n<p>Obliuotai medienai sunaudojama 200 &#8211; 250 ml\/m<sup>2<br \/>\n<\/sup>Neobliuotai medienai sunaudojama 350 ml\/m<sup>2<\/sup><\/p>\n<p><img loading=\"lazy\" class=\"alignnone\" src=\"http:\/\/www.adolita.lt\/public\/images\/global\/Dazu_paletes\/Aidol_HK-Lasur-small_1.jpg\" alt=\"\" width=\"450\" height=\"655\" \/><\/p>\n<p>&nbsp;<\/p>\n<p>&nbsp;<\/p>\n<p><strong>Aidol Holzschutz-Creme <\/strong>&#8211; tai unikalus medienos apsaugos kremas i\u0161or\u0117s naudojimui. Tai pirmoji medienos apsauga kremo pagrindu. Jis paprastas ir greitas apdirbimas vieninteliu u\u017etepimu, bei giliai \u012fsiskverbia, lengvai tolygiai pasiskirsto<\/p>\n<p><strong>Aidol Holzschutz-Creme<\/strong> yra kremas, o ne laz\u016bra. Kremas nela\u0161a, tad puikiai tinka darbams vir\u0161 galvos. Produkto netgi nereikia i\u0161mai\u0161yti &#8211; jis visi\u0161kai paruo\u0161tas naudojimui. Vienintelis sluoksnis ir mediena patikimai apsaugota (papildomai impregnuoti medienos nereikia). Produktas giliai \u012fsiskverbia \u012f medienos pavir\u0161i\u0173 apsaugodamas j\u0105 nuo dr\u0117gm\u0117s, UV spinduli\u0173, m\u0117lynavimo ir kit\u0173 pa\u017eeidim\u0173. Puikiai tinka mediniams fasadams, stogams, pav\u0117sin\u0117ms, sodo baldams, langin\u0117ms, tiltams ir kitoms medin\u0117ms konstrukcijoms.<\/p>\n<p>Obliuotai medienai sunaudojama 200 &#8211; 250 ml\/m<sup>2 <\/sup><br \/>\nNeobliuotai medienai sunaudojama 350 ml\/m<sup>2<\/sup><\/p>\n<p>&nbsp;<\/p>\n<p>&nbsp;<\/p>\n<p>&nbsp;<\/p>\n<p>&nbsp;<\/p>\n<p>&nbsp;<\/p>\n<\/div>\n<\/div>\n<\/div>\n<\/div>\n<div class=\"clearboth\"><\/div><\/div> \n\t<\/div><\/div>\n","protected":false},"excerpt":{"rendered":"Medien\u0105 da\u017eome specialiomis pramonin\u0117mis medienos gamini\u0173 da\u017eymo stakl\u0117mis, skirtomis specialiai tiems da\u017eams, kurie naudojami \u012fmon\u0117je. Pramoniniu b\u016bdu mediena nuda\u017eoma vienodu sluoksniu, jam i\u0161d\u017ei\u016bvus da\u017eomas kitas sluoksnis. Lauko medienai da\u017eyti si\u016blome specialius da\u017eus: Aidol HK-Lasur ir Aidol Holzschutz-Creme. Aidol HK-Lasur - apsaugin\u0117 laz\u016bra lauko medienai. Tai impregnantas ir da\u017eai viename. Papildomas medienos gruntavimas naudojant Aidol HK-Lasur [...]","protected":false},"author":1,"featured_media":0,"parent":25,"menu_order":0,"comment_status":"closed","ping_status":"closed","template":"","meta":[],"_links":{"self":[{"href":"https:\/\/woodpro.lt\/index.php?rest_route=\/wp\/v2\/pages\/62"}],"collection":[{"href":"https:\/\/woodpro.lt\/index.php?rest_route=\/wp\/v2\/pages"}],"about":[{"href":"https:\/\/woodpro.lt\/index.php?rest_route=\/wp\/v2\/types\/page"}],"author":[{"embeddable":true,"href":"https:\/\/woodpro.lt\/index.php?rest_route=\/wp\/v2\/users\/1"}],"replies":[{"embeddable":true,"href":"https:\/\/woodpro.lt\/index.php?rest_route=%2Fwp%2Fv2%2Fcomments&post=62"}],"version-history":[{"count":5,"href":"https:\/\/woodpro.lt\/index.php?rest_route=\/wp\/v2\/pages\/62\/revisions"}],"predecessor-version":[{"id":88,"href":"https:\/\/woodpro.lt\/index.php?rest_route=\/wp\/v2\/pages\/62\/revisions\/88"}],"up":[{"embeddable":true,"href":"https:\/\/woodpro.lt\/index.php?rest_route=\/wp\/v2\/pages\/25"}],"wp:attachment":[{"href":"https:\/\/woodpro.lt\/index.php?rest_route=%2Fwp%2Fv2%2Fmedia&parent=62"}],"curies":[{"name":"wp","href":"https:\/\/api.w.org\/{rel}","templated":true}]}}