{"id":66,"date":"2015-04-08T09:48:26","date_gmt":"2015-04-08T09:48:26","guid":{"rendered":"http:\/\/webz.lt\/woodpro\/?page_id=66"},"modified":"2021-10-18T17:38:09","modified_gmt":"2021-10-18T17:38:09","slug":"medienos-apdirbimas","status":"publish","type":"page","link":"https:\/\/woodpro.lt\/?page_id=66","title":{"rendered":"Medienos apdirbimas"},"content":{"rendered":"<div class=\"wpb_row vc_row  vc_row-fluid  mk-fullwidth-false  attched-false vc_row-fluid\">\n\t<div style=\"\" class=\"vc_col-sm-12 wpb_column column_container \">\n\t\t\t\n\t<div class=\"wpb_single_image wpb_content_element vc_align_left\">\n\t\t<div class=\"wpb_wrapper\">\n\t\t\t\n\t\t\t<div class=\"vc_single_image-wrapper   vc_box_border_grey\"><img width=\"719\" height=\"140\" src=\"https:\/\/woodpro.lt\/wp-content\/uploads\/2015\/04\/Medienos_obliavimas.jpg\" class=\"vc_single_image-img attachment-full\" alt=\"\" loading=\"lazy\" srcset=\"https:\/\/woodpro.lt\/wp-content\/uploads\/2015\/04\/Medienos_obliavimas.jpg 719w, https:\/\/woodpro.lt\/wp-content\/uploads\/2015\/04\/Medienos_obliavimas-300x58.jpg 300w\" sizes=\"(max-width: 719px) 100vw, 719px\" \/><\/div>\n\t\t<\/div> \n\t<\/div> \t<div style=\" margin-bottom:0px;text-align: left;\" class=\"mk-text-block  \"><div class=\"page-header\">\n<p><strong>Skydiniai, karkasiniai namai.<\/strong><strong>Moduliniai namai.<\/strong><\/p>\n<p><strong>Pirtys<\/strong><\/p>\n<p><strong>Kubilai<\/strong><\/p>\n<p><strong>Pav\u0117sin\u0117s<\/strong><\/p>\n<p><strong>Terasin\u0117s lentos<\/strong><\/p>\n<p><strong>Konstrukcin\u0117 (statybin\u0117) Kalibruota mediena<\/strong><\/p>\n<p><strong>Lauko ir vidaus dailylent\u0117s<br \/>\n<\/strong><\/p>\n<\/div>\n<div class=\"clearboth\"><\/div><\/div> \n\t<\/div><\/div>\n","protected":false},"excerpt":{"rendered":"Skydiniai, karkasiniai namai.Moduliniai namai. Pirtys Kubilai Pav\u0117sin\u0117s Terasin\u0117s lentos Konstrukcin\u0117 (statybin\u0117) Kalibruota mediena Lauko ir vidaus dailylent\u0117s","protected":false},"author":1,"featured_media":0,"parent":25,"menu_order":0,"comment_status":"closed","ping_status":"closed","template":"","meta":[],"_links":{"self":[{"href":"https:\/\/woodpro.lt\/index.php?rest_route=\/wp\/v2\/pages\/66"}],"collection":[{"href":"https:\/\/woodpro.lt\/index.php?rest_route=\/wp\/v2\/pages"}],"about":[{"href":"https:\/\/woodpro.lt\/index.php?rest_route=\/wp\/v2\/types\/page"}],"author":[{"embeddable":true,"href":"https:\/\/woodpro.lt\/index.php?rest_route=\/wp\/v2\/users\/1"}],"replies":[{"embeddable":true,"href":"https:\/\/woodpro.lt\/index.php?rest_route=%2Fwp%2Fv2%2Fcomments&post=66"}],"version-history":[{"count":8,"href":"https:\/\/woodpro.lt\/index.php?rest_route=\/wp\/v2\/pages\/66\/revisions"}],"predecessor-version":[{"id":239,"href":"https:\/\/woodpro.lt\/index.php?rest_route=\/wp\/v2\/pages\/66\/revisions\/239"}],"up":[{"embeddable":true,"href":"https:\/\/woodpro.lt\/index.php?rest_route=\/wp\/v2\/pages\/25"}],"wp:attachment":[{"href":"https:\/\/woodpro.lt\/index.php?rest_route=%2Fwp%2Fv2%2Fmedia&parent=66"}],"curies":[{"name":"wp","href":"https:\/\/api.w.org\/{rel}","templated":true}]}}