{"id":90,"date":"2015-04-13T11:51:56","date_gmt":"2015-04-13T11:51:56","guid":{"rendered":"http:\/\/webz.lt\/woodpro\/?page_id=90"},"modified":"2015-04-14T23:06:23","modified_gmt":"2015-04-14T23:06:23","slug":"staliaus-darbai","status":"publish","type":"page","link":"https:\/\/woodpro.lt\/?page_id=90","title":{"rendered":"Staliaus darbai"},"content":{"rendered":"<div class=\"wpb_row vc_row  vc_row-fluid  mk-fullwidth-false  attched-false vc_row-fluid\">\n\t<div style=\"\" class=\"vc_col-sm-12 wpb_column column_container \">\n\t\t\t\n\t<div class=\"wpb_single_image wpb_content_element vc_align_left\">\n\t\t<div class=\"wpb_wrapper\">\n\t\t\t\n\t\t\t<div class=\"vc_single_image-wrapper   vc_box_border_grey\"><img width=\"719\" height=\"140\" src=\"https:\/\/woodpro.lt\/wp-content\/uploads\/2015\/04\/staliaus-darbai-2.jpg\" class=\"vc_single_image-img attachment-full\" alt=\"\" loading=\"lazy\" srcset=\"https:\/\/woodpro.lt\/wp-content\/uploads\/2015\/04\/staliaus-darbai-2.jpg 719w, https:\/\/woodpro.lt\/wp-content\/uploads\/2015\/04\/staliaus-darbai-2-300x58.jpg 300w\" sizes=\"(max-width: 719px) 100vw, 719px\" \/><\/div>\n\t\t<\/div> \n\t<\/div> \t<div style=\"text-align: left;\" class=\"mk-text-block  \"><p>Pagal individualius u\u017esakymus gaminame \u012fvairius medinius gaminius pramonei ir bui\u010diai.<\/p>\n<div class=\"clearboth\"><\/div><\/div> \n\t<\/div><\/div>\n","protected":false},"excerpt":{"rendered":"Pagal individualius u\u017esakymus gaminame \u012fvairius medinius gaminius pramonei ir bui\u010diai.","protected":false},"author":1,"featured_media":0,"parent":25,"menu_order":0,"comment_status":"open","ping_status":"closed","template":"","meta":[],"_links":{"self":[{"href":"https:\/\/woodpro.lt\/index.php?rest_route=\/wp\/v2\/pages\/90"}],"collection":[{"href":"https:\/\/woodpro.lt\/index.php?rest_route=\/wp\/v2\/pages"}],"about":[{"href":"https:\/\/woodpro.lt\/index.php?rest_route=\/wp\/v2\/types\/page"}],"author":[{"embeddable":true,"href":"https:\/\/woodpro.lt\/index.php?rest_route=\/wp\/v2\/users\/1"}],"replies":[{"embeddable":true,"href":"https:\/\/woodpro.lt\/index.php?rest_route=%2Fwp%2Fv2%2Fcomments&post=90"}],"version-history":[{"count":2,"href":"https:\/\/woodpro.lt\/index.php?rest_route=\/wp\/v2\/pages\/90\/revisions"}],"predecessor-version":[{"id":185,"href":"https:\/\/woodpro.lt\/index.php?rest_route=\/wp\/v2\/pages\/90\/revisions\/185"}],"up":[{"embeddable":true,"href":"https:\/\/woodpro.lt\/index.php?rest_route=\/wp\/v2\/pages\/25"}],"wp:attachment":[{"href":"https:\/\/woodpro.lt\/index.php?rest_route=%2Fwp%2Fv2%2Fmedia&parent=90"}],"curies":[{"name":"wp","href":"https:\/\/api.w.org\/{rel}","templated":true}]}}